{"id":9371,"date":"2018-11-03T23:10:24","date_gmt":"2018-11-03T22:10:24","guid":{"rendered":"http:\/\/www.brehms.eu\/imago-paartherapie\/?page_id=9371"},"modified":"2020-05-31T11:08:23","modified_gmt":"2020-05-31T09:08:23","slug":"familien","status":"publish","type":"page","link":"https:\/\/www.brehms.eu\/imago-paartherapie\/familien\/","title":{"rendered":"Familien und&nbsp;Imago"},"content":{"rendered":"<div id=\"pl-9371\" class=\"panel-layout\"><div id=\"pg-9371-0\" class=\"panel-grid panel-no-style\"><div id=\"pgc-9371-0-0\" class=\"panel-grid-cell\"><div id=\"panel-9371-0-0-0\" class=\"so-panel widget widget_sow-editor panel-first-child panel-last-child\" data-index=\"0\"><div class=\"so-widget-sow-editor so-widget-sow-editor-base\">\n<div class=\"siteorigin-widget-tinymce textwidget\">\n\t<p style=\"text-align: justify;\">\u201cFamilie\u201d ist f\u00fcr vie\u00adle Menschen ein Ort der Geborgenheit und N\u00e4he. Nirgendwo sonst erle\u00adben wir so vie\u00adle Emotionen, so viel Freude und&nbsp;Liebe.<\/p>\n<p style=\"text-align: justify;\">Gleichzeitig ist es aber auch der Platz hef\u00adti\u00adger Streits. Mehrere Generationen, ver\u00adschie\u00adde\u00adne Interessen, unbe\u00adwuss\u00adte Koalitionen, Familie sein ist nicht immer leicht.<\/p>\n<p style=\"text-align: justify;\">Damit das Zusammenleben in gegen\u00adsei\u00adti\u00adger Achtung, Annahme und Unterst\u00fctzung m\u00f6g\u00adlich ist, k\u00f6n\u00adnen Sie mit uns in ver\u00adschie\u00adde\u00adnen Konstellationen dar\u00adan arbei\u00adten, sich wie\u00adder wert\u00adsch\u00e4t\u00adzend zu begegnen.<\/p>\n<p style=\"text-align: justify;\"><span style=\"color: #993300;\">Mit ver\u00adschie\u00adde\u00adnen Imago Dialogen beglei\u00adten wir Sie dabei, Ihre Familie wie\u00adder zu einem Ort lie\u00adbe\u00advol\u00adler Begegnung wer\u00adden zu lassen.<\/span><\/p>\n<\/div>\n<\/div><\/div><\/div><\/div><div id=\"pg-9371-1\" class=\"panel-grid panel-no-style\"><div id=\"pgc-9371-1-0\" class=\"panel-grid-cell\"><div id=\"panel-9371-1-0-0\" class=\"so-panel widget widget_sow-editor panel-first-child\" data-index=\"1\"><div class=\"so-widget-sow-editor so-widget-sow-editor-base\"><h3 class=\"widget-title\">Familien im Dialog<\/h3>\n<div class=\"siteorigin-widget-tinymce textwidget\">\n\t<p><img decoding=\"async\" class=\"aligncenter wp-image-9377 size-full\" src=\"https:\/\/www.brehms.eu\/imago-paartherapie\/wp-content\/uploads\/2018\/11\/Imago-Familien-im-Dialog.jpg\" alt=\"Imago - Familien im Dialog\" width=\"100%\" srcset=\"https:\/\/www.brehms.eu\/imago-paartherapie\/wp-content\/uploads\/sites\/4\/2018\/11\/Imago-Familien-im-Dialog.jpg 500w, https:\/\/www.brehms.eu\/imago-paartherapie\/wp-content\/uploads\/sites\/4\/2018\/11\/Imago-Familien-im-Dialog-300x169.jpg 300w\" sizes=\"(max-width: 500px) 100vw, 500px\"><\/p>\n<p><span style=\"color: #993300;\"><strong>\u201cFamilien im Dialog\u201d\u2009\u2014\u2009Wir sind vie\u00adle und doch Eins!<\/strong> <\/span><\/p>\n<p style=\"text-align: justify;\">Je nach Thema und Gr\u00f6\u00dfe der Familie arbei\u00adten wir ein\u00adzeln oder zu zweit mit allen Familienmitgliedern und einer spe\u00adzi\u00adel\u00adlen Form des Imago Dialogs, dem \u201cFamilien-Dialog\u201d.<\/p>\n<p style=\"text-align: justify;\">Der \u201cFamilien-Dialog\u201d eig\u00adnet sich f\u00fcr Familienkonflikte, die z.B. von den Eltern mit den Kindern inner\u00adhalb der Familie allei\u00adne nicht gel\u00f6st wer\u00adden k\u00f6n\u00adnen. Dabei haben alle Familienmitglieder die M\u00f6glichkeit, sich zu glei\u00adchen Teilen ein\u00adzu\u00adbrin\u00adgen und geh\u00f6rt zu werden.<\/p>\n<p style=\"text-align: justify;\">Durch die Imago Regeln des Zuh\u00f6rens und Verstehens kann jedes Familienmitglied angst\u00adfrei sei\u00adne Position ver\u00adtre\u00adten. Dies gilt vor allem f\u00fcr Kinder und Jugendliche.<\/p>\n<p style=\"text-align: justify;\"><span style=\"color: #993300;\">Zusammen mit uns arbei\u00adten Sie dann dar\u00adan, eine Ver\u00e4nderung ihrer momen\u00adta\u00adnen Situation zu errei\u00adchen und ein gemein\u00adsa\u00admes Verst\u00e4ndnis f\u00fcr die Ursachen und Hintergr\u00fcnde der Familienkonflikte zu entwickeln.<\/span><\/p>\n<p style=\"text-align: justify;\">Im Familien-Dialog soll\u00adten alle Familienmitglieder alters\u00adent\u00adspre\u00adchend in der Lage sein, sich aus\u00adzu\u00addr\u00fc\u00adcken und min\u00addes\u00adtens 15&nbsp;min durch\u00adg\u00e4n\u00adgig zuh\u00f6\u00adren zu k\u00f6nnen.<\/p>\n<\/div>\n<\/div><\/div><div id=\"panel-9371-1-0-1\" class=\"so-panel widget widget_sow-editor\" data-index=\"2\"><div class=\"so-widget-sow-editor so-widget-sow-editor-base\"><h3 class=\"widget-title\">Eltern im Dialog<\/h3>\n<div class=\"siteorigin-widget-tinymce textwidget\">\n\t<p style=\"margin-top: 20px;\"><a id=\"eltern\"><\/a><img decoding=\"async\" class=\"aligncenter size-full wp-image-9376\" src=\"https:\/\/www.brehms.eu\/imago-paartherapie\/wp-content\/uploads\/2018\/11\/Imago-Eltern-im-Dialog.jpg\" alt=\"Imago - Eltern im Dialog\" width=\"100%\" srcset=\"https:\/\/www.brehms.eu\/imago-paartherapie\/wp-content\/uploads\/sites\/4\/2018\/11\/Imago-Eltern-im-Dialog.jpg 500w, https:\/\/www.brehms.eu\/imago-paartherapie\/wp-content\/uploads\/sites\/4\/2018\/11\/Imago-Eltern-im-Dialog-300x169.jpg 300w\" sizes=\"(max-width: 500px) 100vw, 500px\"><\/p>\n<p><span style=\"color: #993300;\"><strong>\u201cEltern im Dialog\u201d\u2009\u2014\u2009Deine, Meine, Unsere?<\/strong> <\/span><\/p>\n<p style=\"text-align: justify;\">Streit zwi\u00adschen den Eltern \u00fcber die Kindererziehung ist ein span\u00adnungs\u00adrei\u00adches Thema in vie\u00adlen Familien. Dabei geht es um viel mehr als nur Erziehungsfragen.<\/p>\n<p style=\"text-align: justify;\">Noch ein viel gr\u00f6\u00ad\u00dfe\u00adres Thema ist das bei Patchworkfamilien. Jeder Elternteil hat aus sei\u00adner Herkunftsfamilie eige\u00adne Familienregeln, die mehr oder weni\u00adger bewusst in der jet\u00adzi\u00adgen Familie wei\u00adter\u00adbe\u00adstehen. Die Aufgabe von Eltern ist es jedoch, Regeln f\u00fcr die jet\u00adzi\u00adge eige\u00adne Familie neu zu entwickeln.<\/p>\n<p style=\"text-align: justify;\">Diese Regeln soll\u00adten, je nach Alter der Kinder, immer wie\u00adder neu \u00fcber\u00adpr\u00fcft wer\u00adden. Viele die\u00adser Familienregeln sind unaus\u00adge\u00adspro\u00adchen und kon\u00adtro\u00advers. Das f\u00fchrt zu Konflikten zwi\u00adschen den Elternteilen. Die Ursachen lie\u00adgen h\u00e4u\u00adfig in der Beziehung der Eltern zu den Gro\u00dfeltern und in Familienloyalit\u00e4ten.<\/p>\n<p style=\"text-align: justify;\">Mit dem spe\u00adzi\u00adel\u00adlen Werkzeug des \u201cImago-Elterndialogs\u201d ler\u00adnen Sie, wie Ihre Familiengeschichte Sie dabei beein\u00adflusst und wie Sie unab\u00adh\u00e4n\u00adgig davon mit\u00adein\u00adan\u00adder die Regeln Ihrer jet\u00adzi\u00adgen Familie defi\u00adnie\u00adren k\u00f6nnen.<\/p>\n<\/div>\n<\/div><\/div><div id=\"panel-9371-1-0-2\" class=\"so-panel widget widget_sow-editor\" data-index=\"3\"><div class=\"so-widget-sow-editor so-widget-sow-editor-base\"><h3 class=\"widget-title\">Generationen im Dialog<\/h3>\n<div class=\"siteorigin-widget-tinymce textwidget\">\n\t<p><a id=\"generation\"><\/a><img decoding=\"async\" class=\"aligncenter size-full wp-image-9378\" src=\"https:\/\/www.brehms.eu\/imago-paartherapie\/wp-content\/uploads\/2018\/11\/Imago-Generationen-im-Dialog.jpg\" alt=\"Imago - Generationen im Dialog\" width=\"100%\" srcset=\"https:\/\/www.brehms.eu\/imago-paartherapie\/wp-content\/uploads\/sites\/4\/2018\/11\/Imago-Generationen-im-Dialog.jpg 500w, https:\/\/www.brehms.eu\/imago-paartherapie\/wp-content\/uploads\/sites\/4\/2018\/11\/Imago-Generationen-im-Dialog-300x169.jpg 300w\" sizes=\"(max-width: 500px) 100vw, 500px\"><\/p>\n<p><span style=\"color: #993300;\"><strong>\u201cGenerationen im Dialog\u201d\u2009\u2014\u2009Von der Sprachlosigkeit in die Begegnung<\/strong> <\/span><\/p>\n<p style=\"text-align: justify;\">Diese spe\u00adzi\u00adel\u00adle Form des Imago-Dialogs ist vor allem f\u00fcr \u00e4lte\u00adre oder schon erwach\u00adse\u00adne Kinder geeig\u00adnet. Wenn Sie sich ger\u00adne mit einem Elternteil aus\u00adtau\u00adschen m\u00f6ch\u00adten, aber auf\u00adgrund emo\u00adtio\u00adna\u00adler Spannungen und Konflikte dazu noch kei\u00adne M\u00f6glichkeit gefun\u00adden haben, ist die\u00adser Dialog eine gute M\u00f6glichkeit das zu \u00e4ndern.<\/p>\n<p style=\"text-align: justify;\">Sowohl Eltern als auch Kinder haben h\u00e4u\u00adfig das Gef\u00fchl, vom Anderen nicht rich\u00adtig wahr\u00adge\u00adnom\u00admen oder miss\u00adver\u00adstan\u00adden zu wer\u00adden, viel\u00adleicht sogar abge\u00adlehnt zu sein. Gespr\u00e4che dar\u00ad\u00fcber f\u00fch\u00adren oft nicht zu der Art von Miteinander, die sich bei\u00adde w\u00fcnschen.<\/p>\n<p style=\"text-align: justify;\">Im Gegenteil, Entt\u00e4uschung und Unverst\u00e4ndnis sind das Ergebnis. Die Begegnung in die\u00adser spe\u00adzi\u00adel\u00adlen Form des Imago Dialogs erm\u00f6g\u00adlicht bei\u00adden, sich wert\u00adsch\u00e4t\u00adzend und neu zu begegnen.<\/p>\n<p style=\"text-align: justify;\">Alte und belas\u00adten\u00adde Konflikte k\u00f6n\u00adnen so in neu\u00adem Licht betrach\u00adtet wer\u00adden. Eltern und Kinder erle\u00adben es oft als sehr befrei\u00adend, sich in die\u00adser Form aus\u00adspre\u00adchen zu k\u00f6nnen.<\/p>\n<p style=\"text-align: justify;\"><\/p>\n<\/div>\n<\/div><\/div><div id=\"panel-9371-1-0-3\" class=\"so-panel widget widget_sow-editor\" data-index=\"4\"><div class=\"so-widget-sow-editor so-widget-sow-editor-base\"><h3 class=\"widget-title\">Geschwister im Dialog<\/h3>\n<div class=\"siteorigin-widget-tinymce textwidget\">\n\t<p><a id=\"geschwister\"><\/a><img loading=\"lazy\" decoding=\"async\" class=\"aligncenter size-full wp-image-9380\" src=\"https:\/\/www.brehms.eu\/imago-paartherapie\/wp-content\/uploads\/2018\/11\/Imago-Geschwister-im-Dialog.jpg\" alt=\"Imago - Geschwister im Dialog\" width=\"750\" height=\"425\" srcset=\"https:\/\/www.brehms.eu\/imago-paartherapie\/wp-content\/uploads\/sites\/4\/2018\/11\/Imago-Geschwister-im-Dialog.jpg 750w, https:\/\/www.brehms.eu\/imago-paartherapie\/wp-content\/uploads\/sites\/4\/2018\/11\/Imago-Geschwister-im-Dialog-300x170.jpg 300w\" sizes=\"auto, (max-width: 750px) 100vw, 750px\"><\/p>\n<p><span style=\"color: #993300;\"><strong>\u201cGeschwister im Dialog\u201d\u2009\u2014\u2009Nach dem Streiten kommt das Vertragen<\/strong> <\/span><\/p>\n<p style=\"text-align: justify;\">Geschwisterkonflikte sind mit die st\u00e4rks\u00adten Auseinandersetzungen, die in Familien statt\u00adfin\u00adden k\u00f6n\u00adnen. Die Ursachen lie\u00adgen h\u00e4u\u00adfig in der Fortf\u00fchrung der Konflikte der Eltern. Geschwister wol\u00adlen loy\u00adal zu dem jewei\u00adli\u00adgen Elternteil sein und \u00fcber\u00adneh\u00admen infol\u00adge davon den Elternkonflikt.<\/p>\n<p style=\"text-align: justify;\">H\u00e4ufig the\u00adma\u00adti\u00adsiert sich die\u00adse Energie z.B. in Erbschaftsstreitigkeiten, Firmen\u00fcbernahmen oder \u00e4hn\u00adli\u00adchen Auseinandersetzungen. Dabei wis\u00adsen die Beteiligten meis\u00adtens nicht, war\u00adum sie die Streitigkeit mit so hoher Intensit\u00e4t f\u00fchren.<\/p>\n<p style=\"text-align: justify;\">So ent\u00adste\u00adhen aus Geschwisterkonflikten manch\u00admal gro\u00ad\u00dfen Familienkonflikte, wenn n\u00e4m\u00adlich die schein\u00adbar unver\u00adein\u00adba\u00adren Positionen \u00fcber Generationen hin\u00adweg aus\u00adge\u00adbaut und gehal\u00adten werden.<\/p>\n<p style=\"text-align: justify;\"><span style=\"color: #993300;\">Unser \u201cDialog unter Geschwistern\u201d kl\u00e4rt Ursachen und erm\u00f6g\u00adlicht neue Sichtweisen auf oft schon lan\u00adge bestehen\u00adde und fest\u00adge\u00adfah\u00adre\u00adne Positionen.<\/span><\/p>\n<\/div>\n<\/div><\/div><div id=\"panel-9371-1-0-4\" class=\"so-panel widget widget_sow-editor panel-last-child\" data-index=\"5\"><div class=\"so-widget-sow-editor so-widget-sow-editor-base\"><h3 class=\"widget-title\">Zum Nachlesen<\/h3>\n<div class=\"siteorigin-widget-tinymce textwidget\">\n\t<p>Das Imagobuch zu die\u00adsem Thema: <span style=\"font-size: 14px; color: #993300;\"><strong>\u201cSo viel Liebe wie mein Kind braucht\u201d<\/strong><\/span><\/p>\n<p style=\"text-align: justify;\"><a href=\"https:\/\/www.amazon.de\/viel-Liebe-mein-Kind-braucht\/dp\/3902625015\" target=\"_blank\" rel=\"noopener\"><img loading=\"lazy\" decoding=\"async\" class=\"alignleft wp-image-1031 size-medium\" src=\"https:\/\/www.brehms.eu\/imago-paartherapie\/wp-content\/uploads\/sites\/4\/2013\/09\/Buch_HH_kind-211x300.jpg\" alt=\"So viel Liebe wie mein Kind braucht -Imago-Harville Hendrix\" width=\"211\" height=\"300\" srcset=\"https:\/\/www.brehms.eu\/imago-paartherapie\/wp-content\/uploads\/sites\/4\/2013\/09\/Buch_HH_kind-211x300.jpg 211w, https:\/\/www.brehms.eu\/imago-paartherapie\/wp-content\/uploads\/sites\/4\/2013\/09\/Buch_HH_kind.jpg 296w\" sizes=\"auto, (max-width: 211px) 100vw, 211px\"><\/a>Imagogr\u00fcnder Harville Hendrix zeigt zusam\u00admen mit sei\u00adner Frau Helen Hunt in die\u00adsem Buch einen Weg auf, wie bewuss\u00adte Partnerschaft und bewuss\u00adte Elternschaft leb\u00adbar werden.<br class=\"none\"><br> Es bie\u00adtet eine F\u00fclle gro\u00df\u00adar\u00adti\u00adger Einsichten und hilf\u00adrei\u00adcher, lebens\u00adna\u00adher Hinweise. Harville und Helen haben gemein\u00adsam ein wirk\u00adlich her\u00adaus\u00adra\u00adgen\u00addes Buch \u00fcber die bewuss\u00adte Eltern\/Kind-Beziehung geschrie\u00adben.<br class=\"none\"><br class=\"none\">Sie beschrei\u00adben \u00fcber\u00adzeu\u00adgend, wie unse\u00adre fr\u00fch\u00adkind\u00adli\u00adchen Erfahrungen sich ganz beson\u00adders dar\u00adin wider\u00adspie\u00adgeln, wie wir sp\u00e4\u00adter selbst mit unse\u00adren Kindern umge\u00adhen. Empfehlenswert f\u00fcr alle Familien und Eltern mit Kindern. <a href=\"http:\/\/www.amazon.de\/viel-Liebe-mein-Kind-braucht\/dp\/3902625015\" target=\"_blank\" rel=\"noopener\">Hier bei Amazon<\/a><\/p>\n<\/div>\n<\/div><\/div><\/div><\/div><\/div>","protected":false},"excerpt":{"rendered":"<p>\u201cFamilie\u201d ist f\u00fcr vie\u00adle Menschen ein Ort der Geborgenheit und N\u00e4he. Nirgendwo sonst erle\u00adben wir so vie\u00adle Emotionen, so viel Freude und Liebe. Gleichzeitig ist es aber auch der Platz hef\u00adti\u00adger Streits. Mehrere Generationen, ver\u00adschie\u00adde\u00adne Interessen, unbe\u00adwuss\u00adte Koalitionen, Familie sein <span class=\"excerpt-dots\">\u2026<\/span> <a class=\"more-link\" href=\"https:\/\/www.brehms.eu\/imago-paartherapie\/familien\/\"><span class=\"more-msg\">Weiterlesen \u2192<\/span><\/a><\/p>\n","protected":false},"author":1,"featured_media":0,"parent":0,"menu_order":33,"comment_status":"closed","ping_status":"closed","template":"","meta":{"wp_typography_post_enhancements_disabled":false,"ngg_post_thumbnail":0,"footnotes":""},"class_list":["post-9371","page","type-page","status-publish","hentry"],"_links":{"self":[{"href":"https:\/\/www.brehms.eu\/imago-paartherapie\/wp-json\/wp\/v2\/pages\/9371","targetHints":{"allow":["GET"]}}],"collection":[{"href":"https:\/\/www.brehms.eu\/imago-paartherapie\/wp-json\/wp\/v2\/pages"}],"about":[{"href":"https:\/\/www.brehms.eu\/imago-paartherapie\/wp-json\/wp\/v2\/types\/page"}],"author":[{"embeddable":true,"href":"https:\/\/www.brehms.eu\/imago-paartherapie\/wp-json\/wp\/v2\/users\/1"}],"replies":[{"embeddable":true,"href":"https:\/\/www.brehms.eu\/imago-paartherapie\/wp-json\/wp\/v2\/comments?post=9371"}],"version-history":[{"count":4,"href":"https:\/\/www.brehms.eu\/imago-paartherapie\/wp-json\/wp\/v2\/pages\/9371\/revisions"}],"predecessor-version":[{"id":10888,"href":"https:\/\/www.brehms.eu\/imago-paartherapie\/wp-json\/wp\/v2\/pages\/9371\/revisions\/10888"}],"wp:attachment":[{"href":"https:\/\/www.brehms.eu\/imago-paartherapie\/wp-json\/wp\/v2\/media?parent=9371"}],"curies":[{"name":"wp","href":"https:\/\/api.w.org\/{rel}","templated":true}]}}