{"id":469,"date":"2013-09-23T13:51:27","date_gmt":"2013-09-23T11:51:27","guid":{"rendered":"http:\/\/www.brehmsbildung.org\/wordpress\/?page_id=469"},"modified":"2025-12-30T19:41:08","modified_gmt":"2025-12-30T18:41:08","slug":"imago-paartherapie-2-2","status":"publish","type":"page","link":"https:\/\/www.brehms.eu\/imago-paartherapie\/","title":{"rendered":"Imago Paartherapie"},"content":{"rendered":"<div id=\"pl-469\" class=\"panel-layout\"><div id=\"pg-469-0\" class=\"panel-grid panel-no-style\"><div id=\"pgc-469-0-0\" class=\"panel-grid-cell\"><div id=\"panel-469-0-0-0\" class=\"so-panel widget widget_media_video panel-first-child panel-last-child\" data-index=\"0\"><div style=\"width:100%;\" class=\"wp-video\"><video class=\"wp-video-shortcode\" id=\"video-469-1\" preload=\"metadata\" controls=\"controls\"><source type=\"video\/youtube\" src=\"https:\/\/youtu.be\/CrzoLNkdUSQ?_=1\"><a href=\"https:\/\/youtu.be\/CrzoLNkdUSQ\">https:\/\/youtu.be\/CrzoLNkdUSQ<\/a><\/video><\/div><\/div><\/div><\/div><div id=\"pg-469-1\" class=\"panel-grid panel-no-style\"><div id=\"pgc-469-1-0\" class=\"panel-grid-cell\"><div id=\"panel-469-1-0-0\" class=\"so-panel widget widget_black-studio-tinymce widget_black_studio_tinymce panel-first-child panel-last-child\" data-index=\"1\"><div class=\"panel-widget-style panel-widget-style-for-469-1-0-0\"><h3 class=\"widget-title\">Imago f\u00fcr&nbsp;Paare<\/h3><div class=\"textwidget\"><p style=\"text-align: center\"><a href=\"https:\/\/www.brehms.eu\/imago-paartherapie\/imago-paartherapie\/\"><img loading=\"lazy\" decoding=\"async\" class=\"aligncenter wp-image-10086 size-full\" src=\"https:\/\/www.brehms.eu\/imago-paartherapie\/wp-content\/uploads\/sites\/4\/2020\/01\/ipt_1.jpg\" alt=\"Evelin Brehm Imago Paartherapie\" width=\"300\" height=\"200\" srcset=\"https:\/\/www.brehms.eu\/imago-paartherapie\/wp-content\/uploads\/sites\/4\/2020\/01\/ipt_1.jpg 300w, https:\/\/www.brehms.eu\/imago-paartherapie\/wp-content\/uploads\/sites\/4\/2020\/01\/ipt_1-272x182.jpg 272w\" sizes=\"auto, (max-width: 300px) 100vw, 300px\"><\/a><strong><span style=\"color: #ff6600\">Imago-Paartherapie<\/span><\/strong><\/p>\n<div style=\"margin-top: 10px;margin-bottom: 15px;text-align: center\">Individuelle und per\u00ads\u00f6n\u00adli\u00adche Sitzungen mit Evelin oder Klaus&nbsp;Brehm&nbsp;<a title=\"Imago Paartherapie\" href=\"https:\/\/www.brehms.eu\/imago-paartherapie\/imago-paartherapie\/\"><br>\n<span style=\"font-size: 14px\">mehr erfah\u00adren\u2026<\/span><\/a><\/div>\n<\/div><\/div><\/div><\/div><div id=\"pgc-469-1-1\" class=\"panel-grid-cell\"><div id=\"panel-469-1-1-0\" class=\"so-panel widget widget_black-studio-tinymce widget_black_studio_tinymce panel-first-child panel-last-child\" data-index=\"2\"><div class=\"panel-widget-style panel-widget-style-for-469-1-1-0\"><h3 class=\"widget-title\">Workshop f\u00fcr&nbsp;Paare<\/h3><div class=\"textwidget\"><p style=\"text-align: center;\"><a href=\"https:\/\/www.brehms.eu\/imago-paartherapie\/imago-paarworkshop\/\"><img loading=\"lazy\" decoding=\"async\" class=\"wp-image-10071 size-full aligncenter\" src=\"https:\/\/www.brehms.eu\/imago-paartherapie\/wp-content\/uploads\/sites\/4\/2020\/01\/Imago_Workshop_Wien_3.jpg\" alt=\"Imago Workshop -Evelin und Klaus Brehm\" width=\"300\" height=\"200\" srcset=\"https:\/\/www.brehms.eu\/imago-paartherapie\/wp-content\/uploads\/sites\/4\/2020\/01\/Imago_Workshop_Wien_3.jpg 300w, https:\/\/www.brehms.eu\/imago-paartherapie\/wp-content\/uploads\/sites\/4\/2020\/01\/Imago_Workshop_Wien_3-272x182.jpg 272w\" sizes=\"auto, (max-width: 300px) 100vw, 300px\"><\/a><strong><span style=\"color: #ff6600;\">Imago Paar-Workshop<\/span><\/strong><\/p>\n<div style=\"margin-top: 10px; margin-bottom: 15px; text-align: center;\">Unser Imagoseminar hilft Ihnen, Ihre Beziehungsituation schnell zu verbessern.&nbsp;<a title=\"Imago Paartherapie\" href=\"https:\/\/www.brehms.eu\/training\/imago-paar-workshop\/\"><br>\n<span style=\"font-size: 14px;\">mehr erfah\u00adren\u2026<\/span><\/a><\/div>\n<\/div><\/div><\/div><\/div><\/div><div id=\"pg-469-2\" class=\"panel-grid panel-has-style\"><div class=\"panel-row-style panel-row-style-for-469-2\"><div id=\"pgc-469-2-0\" class=\"panel-grid-cell\"><div id=\"panel-469-2-0-0\" class=\"so-panel widget widget_black-studio-tinymce widget_black_studio_tinymce panel-first-child panel-last-child\" data-index=\"3\"><h3 class=\"widget-title\">Das Wichtigste auf einen&nbsp;Blick<\/h3><div class=\"textwidget\"><p><\/p><div class=\"su-tabs su-tabs-style-default su-tabs-mobile-stack\" data-active=\"1\" data-scroll-offset=\"0\" data-anchor-in-url=\"no\"><div class=\"su-tabs-nav\"><span class data-url data-target=\"blank\" tabindex=\"0\" role=\"button\">\u00dcber uns<\/span><span class data-url data-target=\"blank\" tabindex=\"0\" role=\"button\">Was ist Imago?<\/span><span class data-url data-target=\"blank\" tabindex=\"0\" role=\"button\">Angebote<\/span><span class data-url data-target=\"blank\" tabindex=\"0\" role=\"button\">Ausbildungen<\/span><\/div><div class=\"su-tabs-panes\"><div class=\"su-tabs-pane su-u-clearfix su-u-trim\" data-title=\"\u00dcber uns\">\n<p style=\"text-align: justify;\"><img loading=\"lazy\" decoding=\"async\" class=\"alignleft size-full wp-image-11594\" src=\"https:\/\/www.brehms.eu\/imago-paartherapie\/wp-content\/uploads\/sites\/4\/2020\/08\/Evelin-und-Klaus-Brehm_Imago-Paartherapie-1.jpg\" alt=\"Imago Paartherapie\" width=\"88\" height=\"118\">Wir, <strong>Evelin<\/strong> und <strong>Klaus Brehm<\/strong>, leben und arbei\u00adten als Imago Paartherapeuten, Psychotherapeuten, Trainer und Coaches in Wien. Imago Paartherapie bie\u00adten wir seit 1999 an, nach\u00addem wir als Teilnehmer unse\u00adren ers\u00adten Imago-Workshop f\u00fcr Paare besucht hatten.<\/p>\n<p style=\"text-align: justify;\">Anlass war, wie bei den meis\u00adten Paaren, unser Wunsch, die Spannungen und Konflikte in unse\u00adrer eige\u00adnen Beziehung zu ver\u00adste\u00adhen und zu ver\u00ad\u00e4n\u00addern. Dabei hat uns die Imago-Idee so ber\u00fchrt und begeis\u00adtert, dass wir damals beschlos\u00adsen, die\u00adsen Weg der Paartherapie sowohl beruf\u00adlich als auch pri\u00advat zu gehen.&nbsp;<a title=\"\u00dcber uns\" href=\"https:\/\/www.brehms.eu\/imago-paartherapie\/ueber-uns\/\">mehr\u2026<\/a><\/p>\n<p style=\"text-align: justify;\"><\/p><\/div>\n<div class=\"su-tabs-pane su-u-clearfix su-u-trim\" data-title=\"Was ist Imago?\"><img loading=\"lazy\" decoding=\"async\" class=\"size-full wp-image-1522 alignleft\" src=\"https:\/\/www.brehms.eu\/imago-paartherapie\/wp-content\/uploads\/sites\/4\/2013\/10\/hh_paare.jpg\" alt=\"Hendrix -So viel Liebe wir Du brauchst!\" width=\"88\" height=\"125\">\u201cImago\u201d ist eine von Dr. Harville Hendrix, sei\u00adner Frau Helen Hunt und ande\u00adren Psychotherapeuten ent\u00adwi\u00adckel\u00adte spe\u00adzi\u00adel\u00adle Form der Paartherapie, die auf\u00adgrund ihrer Qualit\u00e4t welt\u00adweit ver\u00adbrei\u00adtet&nbsp;ist.\n<p style=\"text-align: justify;\">In sei\u00adnem Buch \u201eSo viel Liebe wie du brauchst\u201c schreibt Harville Hendrix, dass Erlebnisse, die wir in unse\u00adrer Kindheit mit unse\u00adren Eltern hat\u00adten, ma\u00df\u00adgeb\u00adlich unse\u00adre sp\u00e4\u00adte\u00adren Liebesbeziehungen beein\u00adflus\u00adsen, sowohl im posi\u00adti\u00adven als auch im nega\u00adti\u00adven&nbsp;Sinn.<br> Wir ver\u00adlie\u00adben uns in einen Menschen, indem wir Eigenschaften \u00e4hn\u00adlich denen der eige\u00adnen Eltern zu sehen glau\u00adben. Warum das so ist?&nbsp;<a href=\"https:\/\/www.brehms.eu\/imago-paartherapie\/imago-paartherapie-was-ist-das\/\">wei\u00adter\u00adle\u00adsen\u2026<\/a><\/p><\/div>\n<div class=\"su-tabs-pane su-u-clearfix su-u-trim\" data-title=\"Angebote\">\n<div style=\"border: 1px solid #A44A01; border-radius: 5px; padding: 5px; margin: 10px; background: #fff5d8;\"><a href=\"https:\/\/www.brehms.eu\/imago-paartherapie\/imago-infoabend\/\"><strong>IMAGO INFOABEND<\/strong>\u2009\u2014\u2009Unverbindliches und kos\u00adten\u00adlo\u00adses Kennenlernen<\/a><\/div>\n<div style=\"border: 1px solid #A44A01; border-radius: 5px; padding: 5px; margin: 10px; background: #ffedbc;\"><a href=\"https:\/\/www.brehms.eu\/imago-paartherapie\/imago-paartherapie\/\"><strong>IMAGO PAARTHERAPIE<\/strong>\u2009\u2014\u2009Individuelle Sitzungen mit Evelin oder Klaus&nbsp;Brehm<\/a><\/div>\n<div style=\"border: 1px solid #A44A01; border-radius: 5px; padding: 5px; margin: 10px; background: #ffe39e;\"><a href=\"https:\/\/www.brehms.eu\/training\/imago-paar-workshop\/\"><strong>IMAGO WORKSHOPS F\u00dcR PAARE<\/strong>&nbsp;\u2014\u20093&nbsp;Tage, die Zueinander f\u00fchren!<\/a><\/div>\n<div style=\"border: 1px solid #A44A01; border-radius: 5px; padding: 5px; margin: 10px; background: #ffd77c;\"><a href=\"https:\/\/www.brehms.eu\/imago-paartherapie\/imago-single\/imago-single-workshop\/\"><strong>IMAGO WORKSHOPS F\u00dcR SINGLES<\/strong>\u2009\u2014\u2009Erkenntnis, Emotion, Verbindung!<\/a><\/div>\n<div style=\"border: 1px solid #A44A01; border-radius: 5px; padding: 5px; margin: 10px; background: #ffc956;\"><a href=\"https:\/\/www.brehms.eu\/imago-paartherapie\/familien\/\"><strong>IMAGO MIT FAMILIEN<\/strong>\u2009\u2014\u2009Verst\u00e4ndnis und Begegnung zwi\u00adschen Generationen<\/a><\/div>\n<p><\/p><\/div>\n<div class=\"su-tabs-pane su-u-clearfix su-u-trim\" data-title=\"Ausbildungen\">\n<div style=\"border: 1px solid #A44A01; border-radius: 5px; padding: 5px; margin: 10px; background: #ffedbc;\"><a href=\"https:\/\/www.brehms.eu\/imago-paartherapie\/imago-paartherapie-ausbildung\/\"><strong>IMAGO CLINICAL TRACK<\/strong>\u2009\u2014\u2009Die Weiterbildung in Imago Paartherapie f\u00fcr Psychotherapie und Psychologie<\/a><\/div>\n<div style=\"border: 1px solid #A44A01; border-radius: 5px; padding: 5px; margin: 10px; background: #ffd084;\"><a href=\"https:\/\/www.brehms.eu\/imago-paartherapie\/imago-paartherapie-ausbildung\/imago-advanced-training\/\"><strong>IMAGO ADVANCED TRAINING<\/strong>\u2009\u2014\u2009Das Level 2&nbsp;Training in Imago Paartherapie<\/a><\/div>\n<div style=\"border: 1px solid #A44A01; border-radius: 5px; padding: 5px; margin: 10px; background: #98d4ec;\"><a href=\"https:\/\/www.brehms.eu\/bildung\/imago-professional-facilitator\/\"><strong>IMAGO PROFESSIONAL FACILITATOR<\/strong>\u2009\u2014\u2009Die Weiterbildung, um Imago in ande\u00adren Berufsfeldern zu verwenden<\/a><\/div>\n<p><\/p><\/div><\/div><\/div>\n<\/div><\/div><\/div><\/div><\/div><div id=\"pg-469-3\" class=\"panel-grid panel-has-style\"><div class=\"panel-row-style panel-row-style-for-469-3\"><div id=\"pgc-469-3-0\" class=\"panel-grid-cell\"><div id=\"panel-469-3-0-0\" class=\"so-panel widget widget_black-studio-tinymce widget_black_studio_tinymce panel-first-child panel-last-child\" data-index=\"4\"><div class=\"textwidget\"><div style=\"padding: 5px;border-radius: 10px;border: thin solid #ff7f50\">\n<h4 style=\"background-color: #ffaa1f;width: 97%;padding: 5px;margin-top: 5px;text-align: center;border-radius: 5px\"><span style=\"color: #800000\">Aktuelle Trainings<\/span><\/h4>\n<h4 style=\"text-align: center\"><span style=\"color: #993300\"><a href=\"https:\/\/www.brehms.eu\/imago-paartherapie\/imago-paartherapie-ausbildung\/\">Imago Clinical Training<\/a><br>\n<\/span><\/h4>\n<h4 style=\"text-align: center\"><a href=\"https:\/\/www.brehms.eu\/bildung\/imago-professional-facilitator\/\">Imago Professional Facilitator Training<\/a><\/h4>\n<\/div>\n<\/div><\/div><\/div><div id=\"pgc-469-3-1\" class=\"panel-grid-cell\"><div id=\"panel-469-3-1-0\" class=\"so-panel widget widget_black-studio-tinymce widget_black_studio_tinymce panel-first-child panel-last-child\" data-index=\"5\"><div class=\"textwidget\"><div style=\"background: linear-gradient(to bottom, #ffface 0%,#fcd9a4 100%); filter: progid:DXImageTransform.Microsoft.gradient( startColorstr='#ffface', endColorstr='#fcd9a4',GradientType=0 ); height: 100%; padding: 5px; box-shadow: 2px 2px 5px 0px rgba(0,0,0,0.5); border-radius: 10px; border: thin solid #ff7f50;\">\n<h4 style=\"background-color: #ffaa1f; width: 97%; padding: 5px; margin-top: 5px; text-align: center; box-shadow: 1px 1px 3px 0px rgba(0,0,0,0.3); border-radius: 5px;\"><span style=\"color: #800000;\">ZERTIFIZIERUNG<\/span><\/h4>\n<p style=\"text-align: center;\"><span style=\"color: #800000; font-size: 12pt;\"><img loading=\"lazy\" decoding=\"async\" class=\"aligncenter size-full wp-image-9365\" src=\"https:\/\/www.brehms.eu\/imago-paartherapie\/wp-content\/uploads\/sites\/4\/2018\/10\/OEBVP.gif\" alt width=\"269\" height=\"114\">Wir sind eine vom \u00d6BVP (\u00d6sterreichischer Bundesverband f\u00fcr Psychotherapie) zer\u00adti\u00adfi\u00adzier\u00adte Weiterbildungseinrichtung f\u00fcr PsychotherapeutInnen.<br>\n<\/span><\/p>\n<\/div>\n<\/div><\/div><\/div><\/div><\/div><\/div>","protected":false},"excerpt":{"rendered":"<p>Imago-Paartherapie Individuelle und per\u00ads\u00f6n\u00adli\u00adche Sitzungen mit Evelin oder Klaus Brehm mehr erfah\u00adren\u2026 Imago Paar-Workshop Unser Imagoseminar hilft Ihnen, Ihre Beziehungsituation schnell zu ver\u00adbes\u00adsern. mehr erfahren\u2026<\/p>\n <a class=\"more-link\" href=\"https:\/\/www.brehms.eu\/imago-paartherapie\/\"><span class=\"more-msg\">Weiterlesen \u2192<\/span><\/a>","protected":false},"author":1,"featured_media":0,"parent":0,"menu_order":33,"comment_status":"closed","ping_status":"closed","template":"paget-blank.php","meta":{"wp_typography_post_enhancements_disabled":false,"ngg_post_thumbnail":0,"footnotes":""},"class_list":["post-469","page","type-page","status-publish","hentry"],"_links":{"self":[{"href":"https:\/\/www.brehms.eu\/imago-paartherapie\/wp-json\/wp\/v2\/pages\/469","targetHints":{"allow":["GET"]}}],"collection":[{"href":"https:\/\/www.brehms.eu\/imago-paartherapie\/wp-json\/wp\/v2\/pages"}],"about":[{"href":"https:\/\/www.brehms.eu\/imago-paartherapie\/wp-json\/wp\/v2\/types\/page"}],"author":[{"embeddable":true,"href":"https:\/\/www.brehms.eu\/imago-paartherapie\/wp-json\/wp\/v2\/users\/1"}],"replies":[{"embeddable":true,"href":"https:\/\/www.brehms.eu\/imago-paartherapie\/wp-json\/wp\/v2\/comments?post=469"}],"version-history":[{"count":11,"href":"https:\/\/www.brehms.eu\/imago-paartherapie\/wp-json\/wp\/v2\/pages\/469\/revisions"}],"predecessor-version":[{"id":14233,"href":"https:\/\/www.brehms.eu\/imago-paartherapie\/wp-json\/wp\/v2\/pages\/469\/revisions\/14233"}],"wp:attachment":[{"href":"https:\/\/www.brehms.eu\/imago-paartherapie\/wp-json\/wp\/v2\/media?parent=469"}],"curies":[{"name":"wp","href":"https:\/\/api.w.org\/{rel}","templated":true}]}}