{"id":161,"date":"2013-09-16T20:41:07","date_gmt":"2013-09-16T18:41:07","guid":{"rendered":"http:\/\/www.brehmsbildung.org\/wordpress\/?page_id=161"},"modified":"2025-04-11T09:49:42","modified_gmt":"2025-04-11T07:49:42","slug":"ueber-uns","status":"publish","type":"page","link":"https:\/\/www.brehms.eu\/imago-paartherapie\/ueber-uns\/","title":{"rendered":"\u00dcber uns"},"content":{"rendered":"<p style=\"line-height: 20px; text-align: justify;\"><img loading=\"lazy\" decoding=\"async\" class=\"alignleft size-full wp-image-10067\" src=\"https:\/\/www.brehms.eu\/imago-paartherapie\/wp-content\/uploads\/sites\/4\/2020\/01\/EK-\u00fcber-uns-3er.jpg\" alt=\"Evelin und Klaus Brehm\" width=\"90\" height=\"370\" srcset=\"https:\/\/www.brehms.eu\/imago-paartherapie\/wp-content\/uploads\/sites\/4\/2020\/01\/EK-\u00fcber-uns-3er.jpg 90w, https:\/\/www.brehms.eu\/imago-paartherapie\/wp-content\/uploads\/sites\/4\/2020\/01\/EK-\u00fcber-uns-3er-73x300.jpg 73w\" sizes=\"auto, (max-width: 90px) 100vw, 90px\">Wir, <span style=\"color: #993300;\">Evelin und Klaus Brehm<\/span>, leben und arbei\u00adten in Wien. Imago bie\u00adten wir seit 1999 an, nach\u00addem wir als Teilnehmer unse\u00adren ers\u00adten Imago-Workshop f\u00fcr Paare besucht hatten.<\/p>\n<p style=\"line-height: 20px; text-align: justify;\">Anlass war, wie bei den meis\u00adten Paaren, unser Wunsch, die Spannungen und Konflikte in unse\u00adrer eige\u00adnen Beziehung zu ver\u00adste\u00adhen und zu ver\u00ad\u00e4n\u00addern. Dabei hat uns die Imago-Idee so ber\u00fchrt und begeis\u00adtert, dass wir damals beschlos\u00adsen, die\u00adsen Weg sowohl beruf\u00adlich als auch pri\u00advat zu&nbsp;gehen.<\/p>\n<p style=\"line-height: 20px; text-align: justify;\">Wir haben die Kraft und Tiefe von Imago nicht nur in unse\u00adrer eige\u00adnen Beziehung erlebt. In unse\u00adrer Praxis und unse\u00adren Workshops haben wir im Laufe der Jahre auch vie\u00adle Paare auf ihrem Weg zu einer bewuss\u00adten Beziehung beglei\u00adtet und unterst\u00fctzt.<\/p>\n<p style=\"line-height: 20px; text-align: justify;\">Seit vie\u00adlen Jahren bil\u00adden wir pro\u00adfes\u00adsio\u00adnell auch PsychotherapeutInnen, PsychologInnen und Lebens- und SozialberaterInnen in Imago Paartherapie aus. <a title=\"Imago Clinical Training\" href=\"https:\/\/www.brehms.eu\/imago-paartherapie\/imago-paartherapie-ausbildung\/\"><span style=\"font-size: 14px;\">mehr\u2026<\/span><\/a><\/p>\n<p style=\"line-height: 20px; text-align: justify;\">Wir freu\u00aden uns, wenn wir auch Sie auf Ihrem Weg zu einer gl\u00fcck\u00adli\u00adchen Beziehung beglei\u00adten d\u00fcr\u00adfen. Wenn Sie uns per\u00ads\u00f6n\u00adlich ken\u00adnen\u00adler\u00adnen m\u00f6ch\u00adten besu\u00adchen sie uns bei unse\u00adren kos\u00adten\u00adlo\u00adsen Informationsabenden in Wien. <a title=\"Imago Infoabend\" href=\"https:\/\/www.brehms.eu\/imago-paartherapie\/imago-infoabend\/\"><span style=\"font-size: 14px;\">mehr\u2026<\/span><\/a><\/p>\n<p style=\"line-height: 20px; text-align: justify;\"><b><span style=\"color: #993300;\">Mag<sup>a<\/sup>. Evelin Brehm<\/span>,<\/b> geb. 1949&nbsp;in Wien, Studium der P\u00e4dagogik und Sonder und Heilp\u00e4dagogik, Psychotherapeutin (\u00d6), Supervisorin und Lehrsupervisorin, Coach, Imago Paartherapeutin, Imago Workshop Presenter, Imago Clinical Instruktor<\/p>\n<p style=\"line-height: 20px; text-align: justify;\"><span style=\"color: #800000;\">Mag. (FH) Klaus Brehm<\/span>, geb.1957&nbsp;in N\u00fcrnberg, Studium der Sozialarbeit und Sozialwissenschaft, psy\u00adcho\u00adlo\u00adgi\u00adscher Berater, Diplomiert in Biosynthese K\u00f6rperpsychotherapie (Schweiz), Trainer, Lebens und Sozialberater, Coach, Imago Workshop Presenter, Imago Senior Clinical Instruktor.<\/p>\n","protected":false},"excerpt":{"rendered":"<p>Wir, Evelin und Klaus Brehm, leben und arbei\u00adten in Wien. Imago bie\u00adten wir seit 1999 an, nach\u00addem wir als Teilnehmer unse\u00adren ers\u00adten Imago-Workshop f\u00fcr Paare besucht hat\u00adten. Anlass war, wie bei den meis\u00adten Paaren, unser Wunsch, die Spannungen und Konflikte <span class=\"excerpt-dots\">\u2026<\/span> <a class=\"more-link\" href=\"https:\/\/www.brehms.eu\/imago-paartherapie\/ueber-uns\/\"><span class=\"more-msg\">Weiterlesen \u2192<\/span><\/a><\/p>\n","protected":false},"author":1,"featured_media":0,"parent":0,"menu_order":7,"comment_status":"closed","ping_status":"closed","template":"","meta":{"wp_typography_post_enhancements_disabled":false,"ngg_post_thumbnail":0,"footnotes":""},"class_list":["post-161","page","type-page","status-publish","hentry"],"_links":{"self":[{"href":"https:\/\/www.brehms.eu\/imago-paartherapie\/wp-json\/wp\/v2\/pages\/161","targetHints":{"allow":["GET"]}}],"collection":[{"href":"https:\/\/www.brehms.eu\/imago-paartherapie\/wp-json\/wp\/v2\/pages"}],"about":[{"href":"https:\/\/www.brehms.eu\/imago-paartherapie\/wp-json\/wp\/v2\/types\/page"}],"author":[{"embeddable":true,"href":"https:\/\/www.brehms.eu\/imago-paartherapie\/wp-json\/wp\/v2\/users\/1"}],"replies":[{"embeddable":true,"href":"https:\/\/www.brehms.eu\/imago-paartherapie\/wp-json\/wp\/v2\/comments?post=161"}],"version-history":[{"count":10,"href":"https:\/\/www.brehms.eu\/imago-paartherapie\/wp-json\/wp\/v2\/pages\/161\/revisions"}],"predecessor-version":[{"id":14080,"href":"https:\/\/www.brehms.eu\/imago-paartherapie\/wp-json\/wp\/v2\/pages\/161\/revisions\/14080"}],"wp:attachment":[{"href":"https:\/\/www.brehms.eu\/imago-paartherapie\/wp-json\/wp\/v2\/media?parent=161"}],"curies":[{"name":"wp","href":"https:\/\/api.w.org\/{rel}","templated":true}]}}